{"id":15319,"date":"2025-04-10T17:18:37","date_gmt":"2025-04-10T17:18:37","guid":{"rendered":"https:\/\/www.ada-dcc.org\/dev\/?page_id=15319"},"modified":"2025-05-07T15:11:33","modified_gmt":"2025-05-07T15:11:33","slug":"new-ada_esp-dev","status":"publish","type":"page","link":"https:\/\/www.ada-dcc.org\/dev\/new-ada_esp-dev\/","title":{"rendered":"ESP ADA Dev"},"content":{"rendered":"\n<div class=\"wp-block-columns alignwide are-vertically-aligned-center is-style-default has-background is-layout-flex wp-container-core-columns-is-layout-22aaf2a6 wp-block-columns-is-layout-flex\" style=\"border-radius:0px;background-color:#2f59ad00;padding-top:0;padding-right:0rem;padding-bottom:0;padding-left:0rem\">\n<div class=\"wp-block-column is-vertically-aligned-center has-nv-site-bg-background-color has-background is-layout-flow wp-block-column-is-layout-flow\">\n<h2 class=\"wp-block-heading alignwide has-text-align-center has-neve-link-hover-color-color has-text-color has-link-color has-x-large-font-size wp-elements-68888ca5e313436afbf2c2a851b765ce\" style=\"font-style:normal;font-weight:700;text-transform:capitalize\">La Ley para Personas con Discapacidades(ADA)<\/h2>\n<\/div>\n<\/div>\n\n\n\n<!DOCTYPE html>\n<html lang=\"en\">\n<head>\n    <meta charset=\"UTF-8\">\n    <meta name=\"viewport\" content=\"width=device-width, initial-scale=1.0\">\n    <title>About Us Menu<\/title>\n    <style>\n        .about-us-container-subitems {\n            font-family: Arial, sans-serif;\n            display: grid;\n            grid-template-columns: repeat(auto-fit, minmax(200px, 1fr));\n            gap: 20px;\n            max-width: 600px; \/* Adjusted max-width to accommodate more items in one line *\/\n            margin: 20px auto;\n        }\n\n        .about-us-item-subitems {\n            border-radius: 15px;\n            overflow: hidden;\n            display: flex;\n            align-items: center;\n            justify-content: center;\n            background-color: #F4F5F7;\n            color: #005581;\n            font-size: 18px;\n            padding: 10px 20px;\n            text-align: center;\n            cursor: pointer;\n            transition: background-color 0.3s ease, color 0.3s ease;\n            border: 2px solid #005581;\n            box-sizing: border-box;\n        }\n\n        .about-us-item-subitems:hover {\n            background-color: #005581;\n            color: #F4F5F7;\n        }\n\n        @media (max-width: 600px) {\n            .about-us-container-subitems {\n                grid-template-columns: 1fr;\n            }\n\n            .about-us-item-subitems {\n                font-size: 16px;\n            }\n        }\n    <\/style>\n<\/head>\n<body>\n    <div class=\"about-us-container-subitems\">\n        <a href=\"https:\/\/www.ada-dcc.org\/dev\/new-titles-dev\/\" class=\"about-us-item-subitems\">Titles of the ADA<\/a>\n        <a href=\"https:\/\/www.ada-dcc.org\/dev\/ada\/new-faq-dev\/\" class=\"about-us-item-subitems\">Frequently Asked Questions<\/a>\n    <\/div>\n<\/body>\n<\/html>\n\n\n\n<div class=\"wp-block-columns alignwide has-neve-link-hover-color-background-color has-background is-layout-flex wp-container-core-columns-is-layout-9d6595d7 wp-block-columns-is-layout-flex\" style=\"border-radius:20px\">\n<div class=\"wp-block-column is-layout-flow wp-block-column-is-layout-flow\" style=\"padding-right:0;padding-left:0\">\n<h2 class=\"wp-block-heading has-text-align-center has-nv-site-bg-color has-text-color has-link-color wp-elements-faa3be6e027546deda75db8de235296a\">Resumen de la ley ADA<\/h2>\n\n\n\n<p class=\"has-nv-site-bg-color has-text-color has-link-color wp-elements-2ecdecb79cb48f00bfcfff8366bbf15e\">Aprobada en 1990, la ley&nbsp;ADA,es una ley federal de derechos civiles que proh\u00edbe la discriminaci\u00f3n en base a la discapacidad. La ley&nbsp;ADAdefine una discapacidad como:<br>Un impedimento f\u00edsico o mental que sustancialmente limita al individuo en una o m\u00e1s de las actividades de la vida diaria tales como: trabajar, caminar, escuchar, ver o la limitaci\u00f3n de valerse por s\u00ed misma<\/p>\n\n\n\n<p class=\"has-nv-site-bg-color has-text-color has-link-color wp-elements-7341b991a7856bbb1de5d3ce22da0080\">La ley tambi\u00e9n proh\u00edbe la discriminaci\u00f3n contra individuos que tengan antecedentes de tal impedimento; <br>O aquellos considerados por otros de tener un impedimento, como los individuos con cicatrices severas en la cara.<\/p>\n\n\n\n<p class=\"has-nv-site-bg-color has-text-color has-link-color wp-elements-18c24d7ac98e34bcd8f89eeb4a29edeb\">La ley&nbsp;ADA est\u00e1 compuesta de cinco t\u00edtulos que abarcan:<\/p>\n\n\n\n<ul class=\"has-nv-light-bg-color has-text-color has-link-color wp-block-list wp-elements-77d94041e12ea8229f74a0e4eb9803c3\">\n<li>T\u00edtulo I: Empleo<\/li>\n\n\n\n<li>T\u00edtulo II: Programas y Servicios del Gobierno Estatal y Local<\/li>\n\n\n\n<li>T\u00edtulo III: Establecimientos de Servicio P\u00fablico<\/li>\n\n\n\n<li>T\u00edtulo IV: Telecomunicaciones<\/li>\n\n\n\n<li>T\u00edtulo V: Requisitos Miscel\u00e1neos<\/li>\n<\/ul>\n\n\n\n<p class=\"has-text-align-center has-nv-site-bg-color has-text-color has-link-color wp-elements-8bcafd8a316a151e16436040d6c3e577\"><strong>Para m\u00e1s informaci\u00f3n comun\u00edquese con la Red Nacional de la ADA al n\u00famero de tel\u00e9fono 800-949-4232 (Voz\/TTY)<\/strong><\/p>\n<\/div>\n<\/div>\n\n\n\n<hr class=\"wp-block-separator has-text-color has-alpha-channel-opacity has-background is-style-dots\" style=\"background-color:#005582;color:#005582\"\/>\n\n\n\n<div class=\"wp-block-columns alignwide has-text-color has-link-color wp-elements-70ef4eece19b21e61412f9daf0a096aa is-layout-flex wp-container-core-columns-is-layout-9d6595d7 wp-block-columns-is-layout-flex\" style=\"color:#005581\">\n<div class=\"wp-block-column is-layout-flow wp-block-column-is-layout-flow\"><style type=\"text\/css\">\n#foogallery-gallery-286.fg-masonry .fg-item { width: 300px; }\n#foogallery-gallery-286.fg-masonry { --fg-gutter: 10px; }<\/style>\n\t\t\t<div class=\"foogallery foogallery-container foogallery-masonry foogallery-lightbox-none fg-center fg-masonry fg-ready fg-light fg-border-thin fg-shadow-small fg-loading-default fg-loaded-fade-in fg-caption-hover fg-hover-fade fg-hover-external fg-fixed\" id=\"foogallery-gallery-286\" data-foogallery=\"{&quot;item&quot;:{&quot;showCaptionTitle&quot;:true,&quot;showCaptionDescription&quot;:true},&quot;lazy&quot;:true,&quot;template&quot;:{&quot;columnWidth&quot;:300,&quot;gutter&quot;:10}}\" style=\"--fg-title-line-clamp: 0; --fg-description-line-clamp: 0;\" >\n\t\t<div class=\"fg-item fg-type-iframe fg-idle\"><figure class=\"fg-item-inner\"><a href=\"https:\/\/ahs.uic.edu\/disability-human-development\/\" target=\"_blank\" data-attachment-id=\"447\" data-type=\"iframe\" class=\"fg-thumb\"><span class=\"fg-image-wrap\"><img decoding=\"async\" alt=\"UIC Department of Disability and Human Development\" width=\"300\" height=\"56.485355648536\" class=\"skip-lazy fg-image\" data-src-fg=\"https:\/\/www.ada-dcc.org\/dev\/wp-content\/uploads\/2021\/01\/DepartLogo.gif\" src=\"data:image\/svg+xml,%3Csvg%20xmlns%3D%22http%3A%2F%2Fwww.w3.org%2F2000%2Fsvg%22%20width%3D%22300%22%20height%3D%2256.485355648536%22%20viewBox%3D%220%200%20300%2056.485355648536%22%3E%3C%2Fsvg%3E\" loading=\"eager\"><\/span><span class=\"fg-image-overlay\"><\/span><\/a><\/figure><div class=\"fg-loader\"><\/div><\/div><\/div><\/div>\n\n\n\n<div class=\"wp-block-column is-layout-flow wp-block-column-is-layout-flow\"><style type=\"text\/css\">\n#foogallery-gallery-276.fg-masonry .fg-item { width: 200px; }\n#foogallery-gallery-276.fg-masonry { --fg-gutter: 10px; }<\/style>\n\t\t\t<div class=\"foogallery foogallery-container foogallery-masonry foogallery-lightbox-none fg-center fg-masonry fg-ready fg-light fg-border-thin fg-shadow-small fg-loading-default fg-loaded-fade-in fg-captions-bottom fg-hover-fade fg-hover-external fg-fixed\" id=\"foogallery-gallery-276\" data-foogallery=\"{&quot;item&quot;:{&quot;showCaptionTitle&quot;:true,&quot;showCaptionDescription&quot;:true},&quot;lazy&quot;:true,&quot;template&quot;:{&quot;columnWidth&quot;:200,&quot;gutter&quot;:10}}\" style=\"--fg-title-line-clamp: 0; --fg-description-line-clamp: 0;\" >\n\t\t<div class=\"fg-item fg-type-iframe fg-idle\"><figure class=\"fg-item-inner\"><a href=\"https:\/\/acl.gov\/programs\/research-and-development\" target=\"_blank\" data-attachment-id=\"438\" data-type=\"iframe\" class=\"fg-thumb\"><span class=\"fg-image-wrap\"><img decoding=\"async\" alt=\"ACL Programs\" width=\"200\" height=\"54.700854700855\" class=\"skip-lazy fg-image\" data-src-fg=\"https:\/\/www.ada-dcc.org\/dev\/wp-content\/uploads\/2021\/01\/ACL.png\" src=\"data:image\/svg+xml,%3Csvg%20xmlns%3D%22http%3A%2F%2Fwww.w3.org%2F2000%2Fsvg%22%20width%3D%22200%22%20height%3D%2254.700854700855%22%20viewBox%3D%220%200%20200%2054.700854700855%22%3E%3C%2Fsvg%3E\" loading=\"eager\"><\/span><span class=\"fg-image-overlay\"><\/span><\/a><\/figure><div class=\"fg-loader\"><\/div><\/div><\/div>\n\n\n<p class=\"has-text-align-center has-small-font-size\"><a href=\"https:\/\/www.adagreatlakes.org\/About\/grant.asp\">Grant Disclaimer<\/a>&nbsp;&nbsp;&nbsp;&nbsp;<a href=\"https:\/\/www.adagreatlakes.org\/About\/websiteAccessibility.asp\">Accessibility Statement&nbsp;<\/a>&nbsp;&nbsp;&nbsp;&nbsp;<a href=\"https:\/\/www.adagreatlakes.org\/WebForms\/ContactUs\/\">Contact Us<\/a><\/p>\n<\/div>\n\n\n\n<div class=\"wp-block-column is-layout-flow wp-block-column-is-layout-flow\"><style type=\"text\/css\">\n#foogallery-gallery-290.fg-masonry .fg-item { width: 250px; }\n#foogallery-gallery-290.fg-masonry { --fg-gutter: 10px; }<\/style>\n\t\t\t<div class=\"foogallery foogallery-container foogallery-masonry foogallery-lightbox-none fg-center fg-masonry fg-ready fg-transparent fg-border-thin fg-shadow-small fg-loading-default fg-loaded-fade-in fg-captions-bottom fg-hover-fade fg-hover-external fg-fixed\" id=\"foogallery-gallery-290\" data-foogallery=\"{&quot;item&quot;:{&quot;showCaptionTitle&quot;:true,&quot;showCaptionDescription&quot;:true},&quot;lazy&quot;:true,&quot;template&quot;:{&quot;columnWidth&quot;:250,&quot;gutter&quot;:10}}\" style=\"--fg-title-line-clamp: 0; --fg-description-line-clamp: 0;\" >\n\t\t<div class=\"fg-item fg-type-iframe fg-idle\"><figure class=\"fg-item-inner\"><a href=\"https:\/\/adata.org\/\" target=\"_blank\" data-attachment-id=\"446\" data-type=\"iframe\" class=\"fg-thumb\"><span class=\"fg-image-wrap\"><img decoding=\"async\" alt=\"Link for website: ADA National Network\" width=\"250\" height=\"85\" class=\"skip-lazy fg-image\" data-src-fg=\"https:\/\/www.ada-dcc.org\/dev\/wp-content\/uploads\/cache\/2021\/01\/dbtac\/4269570075.png\" src=\"data:image\/svg+xml,%3Csvg%20xmlns%3D%22http%3A%2F%2Fwww.w3.org%2F2000%2Fsvg%22%20width%3D%22250%22%20height%3D%2285%22%20viewBox%3D%220%200%20250%2085%22%3E%3C%2Fsvg%3E\" loading=\"eager\"><\/span><span class=\"fg-image-overlay\"><\/span><\/a><\/figure><div class=\"fg-loader\"><\/div><\/div><\/div><\/div>\n<\/div>\n\n\n\n<div id=\"makeiteasy-back-to-top\" data-smooth-scroll=\"false\" data-enable-on-desktop=\"true\" data-break-point-mobile-desktop=\"768\" data-go-to-bottom=\"false\" style=\"--makeiteasy-back-to-top-opacity:0.7;--makeiteasy-back-to-top-visibility-transition-duration:0.3s;--makeiteasy-back-to-top-right:30px;--makeiteasy-back-to-top-bottom:30px\" class=\"wp-block-makeiteasy-back-to-top alignright\">\n<div class=\"wp-block-button\"><a class=\"wp-block-button__link wp-element-button\" style=\"border-radius:9px;padding-top:12px;padding-right:12px;padding-bottom:12px;padding-left:12px\"><img loading=\"lazy\" decoding=\"async\" src=\"data:image\/svg+xml;base64,PHN2ZyB3aWR0aD0iMjQiIGhlaWdodD0iMjQiIHZlcnNpb249IjEuMSIgdmlld0JveD0iMCA5NiA0ODAgMjgzIiB4bWxucz0iaHR0cDovL3d3dy53My5vcmcvMjAwMC9zdmciPjxwYXRoIGQ9Im00MyAzNzktNDMtNDMgMjQwLTI0MCAyNDAgMjQwLTQzIDQzLTE5Ny0xOTd6IiBmaWxsPSIjZmZmIi8+PC9zdmc+Cg==\" alt=\"Back to top arrow\" width=\"24\" height=\"24\"><\/a><\/div>\n<\/div>\n","protected":false},"excerpt":{"rendered":"<p>La Ley para Personas con Discapacidades(ADA) About Us Menu Titles of the ADA Frequently Asked Questions Resumen de la ley ADA Aprobada en 1990, la ley&nbsp;ADA,es una ley federal de derechos civiles que proh\u00edbe la discriminaci\u00f3n en base a la discapacidad. La ley&nbsp;ADAdefine una discapacidad como:Un impedimento f\u00edsico o mental que sustancialmente limita al individuo&hellip;&nbsp;<a href=\"https:\/\/www.ada-dcc.org\/dev\/new-ada_esp-dev\/\" class=\"\" rel=\"bookmark\">Read More &raquo;<span class=\"screen-reader-text\">ESP ADA Dev<\/span><\/a><\/p>\n","protected":false},"author":8,"featured_media":0,"parent":0,"menu_order":0,"comment_status":"closed","ping_status":"closed","template":"","meta":{"neve_meta_sidebar":"full-width","neve_meta_container":"contained","neve_meta_enable_content_width":"off","neve_meta_content_width":70,"neve_meta_title_alignment":"left","neve_meta_author_avatar":"","neve_post_elements_order":"","neve_meta_disable_header":"","neve_meta_disable_footer":"","neve_meta_disable_title":"on","_mc_calendar":[],"footnotes":""},"class_list":["post-15319","page","type-page","status-publish","hentry"],"acf":[],"_links":{"self":[{"href":"https:\/\/www.ada-dcc.org\/dev\/wp-json\/wp\/v2\/pages\/15319","targetHints":{"allow":["GET"]}}],"collection":[{"href":"https:\/\/www.ada-dcc.org\/dev\/wp-json\/wp\/v2\/pages"}],"about":[{"href":"https:\/\/www.ada-dcc.org\/dev\/wp-json\/wp\/v2\/types\/page"}],"author":[{"embeddable":true,"href":"https:\/\/www.ada-dcc.org\/dev\/wp-json\/wp\/v2\/users\/8"}],"replies":[{"embeddable":true,"href":"https:\/\/www.ada-dcc.org\/dev\/wp-json\/wp\/v2\/comments?post=15319"}],"version-history":[{"count":4,"href":"https:\/\/www.ada-dcc.org\/dev\/wp-json\/wp\/v2\/pages\/15319\/revisions"}],"predecessor-version":[{"id":15377,"href":"https:\/\/www.ada-dcc.org\/dev\/wp-json\/wp\/v2\/pages\/15319\/revisions\/15377"}],"wp:attachment":[{"href":"https:\/\/www.ada-dcc.org\/dev\/wp-json\/wp\/v2\/media?parent=15319"}],"curies":[{"name":"wp","href":"https:\/\/api.w.org\/{rel}","templated":true}]}}