{"id":15323,"date":"2025-04-10T17:29:59","date_gmt":"2025-04-10T17:29:59","guid":{"rendered":"https:\/\/www.ada-dcc.org\/dev\/?page_id=15323"},"modified":"2025-05-07T15:10:47","modified_gmt":"2025-05-07T15:10:47","slug":"new-about-us-esp-dev","status":"publish","type":"page","link":"https:\/\/www.ada-dcc.org\/dev\/new-about-us-esp-dev\/","title":{"rendered":"ESP About Us Dev"},"content":{"rendered":"\n<div class=\"wp-block-columns alignwide are-vertically-aligned-center is-style-default has-background is-layout-flex wp-container-core-columns-is-layout-22aaf2a6 wp-block-columns-is-layout-flex\" style=\"border-radius:0px;background-color:#2f59ad00;padding-top:0;padding-right:0rem;padding-bottom:0;padding-left:0rem\">\n<div class=\"wp-block-column is-vertically-aligned-center has-nv-site-bg-background-color has-background is-layout-flow wp-block-column-is-layout-flow\">\n<h2 class=\"wp-block-heading alignwide has-text-align-center has-neve-link-hover-color-color has-text-color has-link-color has-x-large-font-size wp-elements-ffe2aa147f30b308c00f1e4527c6b822\" style=\"font-style:normal;font-weight:700;text-transform:capitalize\">Sobre nosotras<\/h2>\n<\/div>\n<\/div>\n\n\n\n<!DOCTYPE html>\n<html lang=\"en\">\n<head>\n    <meta charset=\"UTF-8\">\n    <meta name=\"viewport\" content=\"width=device-width, initial-scale=1.0\">\n    <title>About Us Menu<\/title>\n    <style>\n        .about-us-container {\nfont-family: Arial, sans-serif;\n            display: grid;\n            grid-template-columns: 1fr 1fr;\n            gap: 20px;\n            max-width: 700px;\n            margin: 20px auto; \/* Margin for spacing around the container *\/\n        }\n\n        .about-us-item {\n            border-radius: 15px;\n            overflow: hidden;\n            display: flex;\n            align-items: center;\n            justify-content: center;\n            background-color: #005581;\n            color: #F4F5F7;\n            font-size: 18px;\n            padding: 10px 20px;\n            text-align: center;\n            cursor: pointer;\n            transition: background-color 0.3s ease, color 0.3s ease;\n            border: 2px solid #005581;\n            box-sizing: border-box;\n        }\n\n        .about-us-item:hover {\n            background-color: #F4F5F7;\n            color: #005581;\n        }\n\n        @media (max-width: 600px) {\n            .about-us-container {\n                grid-template-columns: 1fr;\n            }\n\n            .about-us-item {\n                font-size: 16px;\n            }\n        }\n    <\/style>\n<\/head>\n<body>\n    <div class=\"about-us-container\">\n        <a href=\"https:\/\/www.ada-dcc.org\/dev\/new-ada_esp-dev\/\">\n             <div class=\"about-us-item\">La Ley para Personas con Discapacidades<\/div>\n        <\/a>\n        <div class=\"about-us-item\">Great Lakes Affiliates<\/div>\n        <div class=\"about-us-item\">National Network of ADA Centers<\/div>\n        <div class=\"about-us-item\">Hope Project<\/div>\n    <\/div>\n<\/body>\n<\/html>\n\n\n\n<div class=\"wp-block-columns is-layout-flex wp-container-core-columns-is-layout-b815d019 wp-block-columns-is-layout-flex\" style=\"padding-right:var(--wp--preset--spacing--80);padding-left:var(--wp--preset--spacing--80)\">\n<div class=\"wp-block-column is-vertically-aligned-center is-layout-flow wp-block-column-is-layout-flow\" style=\"border-style:none;border-width:0px;padding-right:var(--wp--preset--spacing--60);padding-left:var(--wp--preset--spacing--60)\">\n<hr class=\"wp-block-separator aligncenter has-text-color has-alpha-channel-opacity has-background is-style-dots\" style=\"background-color:#005582;color:#005582\"\/>\n<\/div>\n<\/div>\n\n\n\n<!DOCTYPE html>\n<html lang=\"en\">\n<head>\n    <meta charset=\"UTF-8\">\n    <meta name=\"viewport\" content=\"width=device-width, initial-scale=1.0\">\n    <title>About Us Menu<\/title>\n    <style>\n        .about-us-container-subitems {\n            font-family: Arial, sans-serif;\n            display: grid;\n            grid-template-columns: repeat(auto-fit, minmax(200px, 1fr)); \/* Ensure items fit in one line if space allows *\/\n            gap: 20px;\n            max-width: 800px; \/* Adjusted max-width to accommodate more items in one line *\/\n            margin: 20px auto; \/* Margin for spacing around the container *\/\n        }\n\n        .about-us-item-subitems {\n            border-radius: 15px;\n            overflow: hidden;\n            display: flex;\n            align-items: center;\n            justify-content: center;\n            background-color: #F4F5F7;\n            color: #005581;\n            font-size: 18px;\n            padding: 10px 20px;\n            text-align: center;\n            cursor: pointer;\n            transition: background-color 0.3s ease, color 0.3s ease;\n            border: 2px solid #005581;\n            box-sizing: border-box;\n        }\n\n        .about-us-item-subitems:hover {\n            background-color:  #005581;\n            color: #F4F5F7;\n        }\n\n        @media (max-width: 600px) {\n            .about-us-container-subitems {\n                grid-template-columns: 1fr; \/* Stack items vertically on small screens *\/\n            }\n\n            .about-us-item-subitems {\n                font-size: 16px;\n            }\n        }\n    <\/style>\n<\/head>\n<body>\n    <div class=\"about-us-container-subitems\">\n        <div class=\"about-us-item-subitems\">Staff Profiles<\/div>\n        <div class=\"about-us-item-subitems\">Great Lakes Listserv<\/div>\n        <div class=\"about-us-item-subitems\">Request Training<\/div>\n    <\/div>\n<\/body>\n<\/html>\n\n\n\n<div class=\"wp-block-columns alignwide has-nv-light-bg-background-color has-background is-layout-flex wp-container-core-columns-is-layout-9d6595d7 wp-block-columns-is-layout-flex\" style=\"border-radius:20px\">\n<div class=\"wp-block-column is-layout-flow wp-block-column-is-layout-flow\" style=\"padding-right:0;padding-left:0\">\n<h2 class=\"wp-block-heading has-text-align-center\">Great Lakes&nbsp;ADA&nbsp;Center<\/h2>\n\n\n\n<p class=\"has-neve-link-color-color has-text-color has-link-color wp-elements-53aafcf2f9fb5f60226e56bc569484cd\">La misi\u00f3n del Great Lakes ADA Center es de aumentar el conocimiento e informaci\u00f3n sobre la Ley Para Personas con Discapacidades (ADA, por sus siglas en ingl\u00e9s). El centro ofrece informaci\u00f3n, materiales, asistencia t\u00e9cnica, y entrenamientos sobre la Ley Para Personas con Discapacidades. Temas bajo la ADA incluyen previniendo discriminaci\u00f3n en el empleo, las obligaciones que las agencias gubernamentales estatales y locales deben seguir. Tambi\u00e9n ofrecemos informaci\u00f3n para negocios en c\u00f3mo asegurar que los programas, servicios, y actividades que tienen puedan ser accesibles y utilizados por personas con discapacidades.<\/p>\n\n\n\n<p class=\"has-neve-link-color-color has-text-color has-link-color wp-elements-c8ab5dbe7723d7fcd085bf4ea572c6bb\">El Great Lakes ADA Center es parte de la&nbsp;<a href=\"https:\/\/adata.org\/\">Red Nacional de la ADA,<\/a>&nbsp;(ADANN, por sus siglas en ingles). La ADANN est\u00e1 hecha de diez (10) centros regionales. El Great Lakes ADA Center ha sido designado, como la Regi\u00f3n cinco (5). El Centro tiene seis (6) estados que forman parte de la Regi\u00f3n Cinco (5). El centro ofrece servicios a los estados de: Illinois, Indiana, Michigan, Minnesota, Ohio, y Wisconsin. El Centro trabaja con organizaciones que son afiliados estatales que ofrecen recursos de la ADA y en parte aumentan y respaldan la misi\u00f3n del centro.<\/p>\n\n\n\n<p class=\"has-neve-link-color-color has-text-color has-link-color wp-elements-8dfa055bbb5c46eb62d64da8d46fb881\">No somos una agencia de regulaci\u00f3n o hacemos cumplir quejas sobre la ADA, somos un centro de recursos respaldando la misi\u00f3n de la ADA para que sea posible que todas las personas con una discapacidad puedan vivir una vida de igualdad y libertad.<\/p>\n\n\n\n<p class=\"has-neve-link-color-color has-text-color has-link-color wp-elements-d26e7fd41c4b9012f6949bf07d78218c\">El Great Lakes ADA Center es un programa localizado en el Departamento de Discapacidad y Desarrollo Humano contemplado bajo el Colegio de Ciencias Aplicadas a la Salud en la Universidad de Illinois en Chicago. Los centros son fundados por el Instituto Nacional sobre la Investigaci\u00f3n de la Discapacidad, Vida Independiente, y Rehabilitaci\u00f3n (NIDILRR, por sus siglas en ingl\u00e9s), una divisi\u00f3n de la Administraci\u00f3n para la Vida Comunitaria (ACL, por sus siglas en ingl\u00e9s), Departamento de Salud y Servicios Humanos (HHS, por sus siglas en ingl\u00e9s).<\/p>\n<\/div>\n<\/div>\n\n\n\n<hr class=\"wp-block-separator has-text-color has-alpha-channel-opacity has-background is-style-dots\" style=\"background-color:#005582;color:#005582\"\/>\n\n\n\n<div class=\"wp-block-columns alignwide has-text-color has-link-color wp-elements-70ef4eece19b21e61412f9daf0a096aa is-layout-flex wp-container-core-columns-is-layout-9d6595d7 wp-block-columns-is-layout-flex\" style=\"color:#005581\">\n<div class=\"wp-block-column is-layout-flow wp-block-column-is-layout-flow\"><style type=\"text\/css\">\n#foogallery-gallery-286.fg-masonry .fg-item { width: 300px; }\n#foogallery-gallery-286.fg-masonry { --fg-gutter: 10px; }<\/style>\n\t\t\t<div class=\"foogallery foogallery-container foogallery-masonry foogallery-lightbox-none fg-center fg-masonry fg-ready fg-light fg-border-thin fg-shadow-small fg-loading-default fg-loaded-fade-in fg-caption-hover fg-hover-fade fg-hover-external fg-fixed\" id=\"foogallery-gallery-286\" data-foogallery=\"{&quot;item&quot;:{&quot;showCaptionTitle&quot;:true,&quot;showCaptionDescription&quot;:true},&quot;lazy&quot;:true,&quot;template&quot;:{&quot;columnWidth&quot;:300,&quot;gutter&quot;:10}}\" style=\"--fg-title-line-clamp: 0; --fg-description-line-clamp: 0;\" >\n\t\t<div class=\"fg-item fg-type-iframe fg-idle\"><figure class=\"fg-item-inner\"><a href=\"https:\/\/ahs.uic.edu\/disability-human-development\/\" target=\"_blank\" data-attachment-id=\"447\" data-type=\"iframe\" class=\"fg-thumb\"><span class=\"fg-image-wrap\"><img decoding=\"async\" alt=\"UIC Department of Disability and Human Development\" width=\"300\" height=\"56.485355648536\" class=\"skip-lazy fg-image\" data-src-fg=\"https:\/\/www.ada-dcc.org\/dev\/wp-content\/uploads\/2021\/01\/DepartLogo.gif\" src=\"data:image\/svg+xml,%3Csvg%20xmlns%3D%22http%3A%2F%2Fwww.w3.org%2F2000%2Fsvg%22%20width%3D%22300%22%20height%3D%2256.485355648536%22%20viewBox%3D%220%200%20300%2056.485355648536%22%3E%3C%2Fsvg%3E\" loading=\"eager\"><\/span><span class=\"fg-image-overlay\"><\/span><\/a><\/figure><div class=\"fg-loader\"><\/div><\/div><\/div><\/div>\n\n\n\n<div class=\"wp-block-column is-layout-flow wp-block-column-is-layout-flow\"><style type=\"text\/css\">\n#foogallery-gallery-276.fg-masonry .fg-item { width: 200px; }\n#foogallery-gallery-276.fg-masonry { --fg-gutter: 10px; }<\/style>\n\t\t\t<div class=\"foogallery foogallery-container foogallery-masonry foogallery-lightbox-none fg-center fg-masonry fg-ready fg-light fg-border-thin fg-shadow-small fg-loading-default fg-loaded-fade-in fg-captions-bottom fg-hover-fade fg-hover-external fg-fixed\" id=\"foogallery-gallery-276\" data-foogallery=\"{&quot;item&quot;:{&quot;showCaptionTitle&quot;:true,&quot;showCaptionDescription&quot;:true},&quot;lazy&quot;:true,&quot;template&quot;:{&quot;columnWidth&quot;:200,&quot;gutter&quot;:10}}\" style=\"--fg-title-line-clamp: 0; --fg-description-line-clamp: 0;\" >\n\t\t<div class=\"fg-item fg-type-iframe fg-idle\"><figure class=\"fg-item-inner\"><a href=\"https:\/\/acl.gov\/programs\/research-and-development\" target=\"_blank\" data-attachment-id=\"438\" data-type=\"iframe\" class=\"fg-thumb\"><span class=\"fg-image-wrap\"><img decoding=\"async\" alt=\"ACL Programs\" width=\"200\" height=\"54.700854700855\" class=\"skip-lazy fg-image\" data-src-fg=\"https:\/\/www.ada-dcc.org\/dev\/wp-content\/uploads\/2021\/01\/ACL.png\" src=\"data:image\/svg+xml,%3Csvg%20xmlns%3D%22http%3A%2F%2Fwww.w3.org%2F2000%2Fsvg%22%20width%3D%22200%22%20height%3D%2254.700854700855%22%20viewBox%3D%220%200%20200%2054.700854700855%22%3E%3C%2Fsvg%3E\" loading=\"eager\"><\/span><span class=\"fg-image-overlay\"><\/span><\/a><\/figure><div class=\"fg-loader\"><\/div><\/div><\/div>\n\n\n<p class=\"has-text-align-center has-small-font-size\"><a href=\"https:\/\/www.adagreatlakes.org\/About\/grant.asp\">Grant Disclaimer<\/a>&nbsp;&nbsp;&nbsp;&nbsp;<a href=\"https:\/\/www.adagreatlakes.org\/About\/websiteAccessibility.asp\">Accessibility Statement&nbsp;<\/a>&nbsp;&nbsp;&nbsp;&nbsp;<a href=\"https:\/\/www.adagreatlakes.org\/WebForms\/ContactUs\/\">Contact Us<\/a><\/p>\n<\/div>\n\n\n\n<div class=\"wp-block-column is-layout-flow wp-block-column-is-layout-flow\"><style type=\"text\/css\">\n#foogallery-gallery-290.fg-masonry .fg-item { width: 250px; }\n#foogallery-gallery-290.fg-masonry { --fg-gutter: 10px; }<\/style>\n\t\t\t<div class=\"foogallery foogallery-container foogallery-masonry foogallery-lightbox-none fg-center fg-masonry fg-ready fg-transparent fg-border-thin fg-shadow-small fg-loading-default fg-loaded-fade-in fg-captions-bottom fg-hover-fade fg-hover-external fg-fixed\" id=\"foogallery-gallery-290\" data-foogallery=\"{&quot;item&quot;:{&quot;showCaptionTitle&quot;:true,&quot;showCaptionDescription&quot;:true},&quot;lazy&quot;:true,&quot;template&quot;:{&quot;columnWidth&quot;:250,&quot;gutter&quot;:10}}\" style=\"--fg-title-line-clamp: 0; --fg-description-line-clamp: 0;\" >\n\t\t<div class=\"fg-item fg-type-iframe fg-idle\"><figure class=\"fg-item-inner\"><a href=\"https:\/\/adata.org\/\" target=\"_blank\" data-attachment-id=\"446\" data-type=\"iframe\" class=\"fg-thumb\"><span class=\"fg-image-wrap\"><img decoding=\"async\" alt=\"Link for website: ADA National Network\" width=\"250\" height=\"85\" class=\"skip-lazy fg-image\" data-src-fg=\"https:\/\/www.ada-dcc.org\/dev\/wp-content\/uploads\/cache\/2021\/01\/dbtac\/4269570075.png\" src=\"data:image\/svg+xml,%3Csvg%20xmlns%3D%22http%3A%2F%2Fwww.w3.org%2F2000%2Fsvg%22%20width%3D%22250%22%20height%3D%2285%22%20viewBox%3D%220%200%20250%2085%22%3E%3C%2Fsvg%3E\" loading=\"eager\"><\/span><span class=\"fg-image-overlay\"><\/span><\/a><\/figure><div class=\"fg-loader\"><\/div><\/div><\/div><\/div>\n<\/div>\n\n\n\n<div id=\"makeiteasy-back-to-top\" data-smooth-scroll=\"false\" data-enable-on-desktop=\"true\" data-break-point-mobile-desktop=\"768\" data-go-to-bottom=\"false\" style=\"--makeiteasy-back-to-top-opacity:0.7;--makeiteasy-back-to-top-visibility-transition-duration:0.3s;--makeiteasy-back-to-top-right:30px;--makeiteasy-back-to-top-bottom:30px\" class=\"wp-block-makeiteasy-back-to-top alignright\">\n<div class=\"wp-block-button\"><a class=\"wp-block-button__link wp-element-button\" style=\"border-radius:9px;padding-top:12px;padding-right:12px;padding-bottom:12px;padding-left:12px\"><img loading=\"lazy\" decoding=\"async\" src=\"data:image\/svg+xml;base64,PHN2ZyB3aWR0aD0iMjQiIGhlaWdodD0iMjQiIHZlcnNpb249IjEuMSIgdmlld0JveD0iMCA5NiA0ODAgMjgzIiB4bWxucz0iaHR0cDovL3d3dy53My5vcmcvMjAwMC9zdmciPjxwYXRoIGQ9Im00MyAzNzktNDMtNDMgMjQwLTI0MCAyNDAgMjQwLTQzIDQzLTE5Ny0xOTd6IiBmaWxsPSIjZmZmIi8+PC9zdmc+Cg==\" alt=\"Back to top arrow\" width=\"24\" height=\"24\"><\/a><\/div>\n<\/div>\n","protected":false},"excerpt":{"rendered":"<p>Sobre nosotras About Us Menu La Ley para Personas con Discapacidades Great Lakes Affiliates National Network of ADA Centers Hope Project About Us Menu Staff Profiles Great Lakes Listserv Request Training Great Lakes&nbsp;ADA&nbsp;Center La misi\u00f3n del Great Lakes ADA Center es de aumentar el conocimiento e informaci\u00f3n sobre la Ley Para Personas con Discapacidades (ADA,&hellip;&nbsp;<a href=\"https:\/\/www.ada-dcc.org\/dev\/new-about-us-esp-dev\/\" class=\"\" rel=\"bookmark\">Read More &raquo;<span class=\"screen-reader-text\">ESP About Us Dev<\/span><\/a><\/p>\n","protected":false},"author":8,"featured_media":0,"parent":0,"menu_order":0,"comment_status":"closed","ping_status":"closed","template":"","meta":{"neve_meta_sidebar":"full-width","neve_meta_container":"contained","neve_meta_enable_content_width":"off","neve_meta_content_width":70,"neve_meta_title_alignment":"left","neve_meta_author_avatar":"","neve_post_elements_order":"","neve_meta_disable_header":"","neve_meta_disable_footer":"","neve_meta_disable_title":"on","_mc_calendar":[],"footnotes":""},"class_list":["post-15323","page","type-page","status-publish","hentry"],"acf":[],"_links":{"self":[{"href":"https:\/\/www.ada-dcc.org\/dev\/wp-json\/wp\/v2\/pages\/15323","targetHints":{"allow":["GET"]}}],"collection":[{"href":"https:\/\/www.ada-dcc.org\/dev\/wp-json\/wp\/v2\/pages"}],"about":[{"href":"https:\/\/www.ada-dcc.org\/dev\/wp-json\/wp\/v2\/types\/page"}],"author":[{"embeddable":true,"href":"https:\/\/www.ada-dcc.org\/dev\/wp-json\/wp\/v2\/users\/8"}],"replies":[{"embeddable":true,"href":"https:\/\/www.ada-dcc.org\/dev\/wp-json\/wp\/v2\/comments?post=15323"}],"version-history":[{"count":4,"href":"https:\/\/www.ada-dcc.org\/dev\/wp-json\/wp\/v2\/pages\/15323\/revisions"}],"predecessor-version":[{"id":15376,"href":"https:\/\/www.ada-dcc.org\/dev\/wp-json\/wp\/v2\/pages\/15323\/revisions\/15376"}],"wp:attachment":[{"href":"https:\/\/www.ada-dcc.org\/dev\/wp-json\/wp\/v2\/media?parent=15323"}],"curies":[{"name":"wp","href":"https:\/\/api.w.org\/{rel}","templated":true}]}}