{"id":15535,"date":"2025-12-01T15:30:51","date_gmt":"2025-12-01T15:30:51","guid":{"rendered":"https:\/\/www.ada-dcc.org\/dev\/?page_id=15535"},"modified":"2025-12-01T15:30:51","modified_gmt":"2025-12-01T15:30:51","slug":"esp-contact-us-new","status":"publish","type":"page","link":"https:\/\/www.ada-dcc.org\/dev\/esp-contact-us-new\/","title":{"rendered":"ESP Contact Us New"},"content":{"rendered":"\n<div style=\"padding: 20px;\">\n  <h2 style=\"color: #005488;\">Region V Outreach Listserv<\/h2>\n  \n  <div style=\"background-color: #f5f5f5; padding: 20px; margin-bottom: 20px;\">\n    <p>El Centro Great Lakes ADA administra una lista de correo electr\u00f3nico autom\u00e1tico para la difusi\u00f3n de informaci\u00f3n sobre la Ley para Personas con Discapacidades. Esta lista de correo electr\u00f3nico es una lista de personas que recibir\u00e1n autom\u00e1ticamente correo electr\u00f3nico sobre la ley ADA.<\/p>\n    \n    <p>Le invitamos a suscribirse a la lista. La informaci\u00f3n es publicada por el Centro, as\u00ed como por otras personas que trabajan directamente con el Centro a trav\u00e9s de los comit\u00e9s directivos estatales, los Centros de Vida Independiente y otras organizaciones, las organizaciones empresariales, entidades de gobierno (federal, estatal, local) y otras partes interesadas.<\/p>\n  <\/div>\n  \n  <div style=\"background-color: #f5f5f5; padding: 20px; margin-bottom: 20px;\">\n    <p>La lista es moderada y mantenido por el personal del Centro Great Lakes ADA. La informaci\u00f3n puede incluir, pero no est\u00e1 limitado a lo siguiente:<\/p>\n    \n    <ul>\n      <li>Actualizaciones sobre las nuevas o modificadas normativas<\/li>\n      <li>Casos sobre la ley ADA,<\/li>\n      <li>Nuevos o actualizados Materiales de Asistencia T\u00e9cnica,<\/li>\n      <li>Eventos de entrenamiento y informaci\u00f3n acerca de leyes relacionadas (IDEA, FMLA, 504, Compensaci\u00f3n Laboral, etc.),<\/li>\n      <li>Actividades de la ley ADA a nivel nacional o local y referencia sobre informaci\u00f3n y referido.<\/li>\n    <\/ul>\n  <\/div>\n  \n  <p><a href=\"https:\/\/www.adagreatlakes.org\/WebForms\/GreatLakesListserv\/\" style=\"display: inline-block; background-color: #005488; color: white; padding: 10px 20px; text-decoration: none; border-radius: 5px;\">Subscribe to Listserv<\/a><\/p>\n<\/div>\n","protected":false},"excerpt":{"rendered":"<p>Region V Outreach Listserv El Centro Great Lakes ADA administra una lista de correo electr\u00f3nico autom\u00e1tico para la difusi\u00f3n de informaci\u00f3n sobre la Ley para Personas con Discapacidades. Esta lista de correo electr\u00f3nico es una lista de personas que recibir\u00e1n autom\u00e1ticamente correo electr\u00f3nico sobre la ley ADA. Le invitamos a suscribirse a la lista. La&hellip;&nbsp;<a href=\"https:\/\/www.ada-dcc.org\/dev\/esp-contact-us-new\/\" class=\"\" rel=\"bookmark\">Read More &raquo;<span class=\"screen-reader-text\">ESP Contact Us New<\/span><\/a><\/p>\n","protected":false},"author":2,"featured_media":0,"parent":0,"menu_order":0,"comment_status":"closed","ping_status":"closed","template":"","meta":{"neve_meta_sidebar":"full-width","neve_meta_container":"contained","neve_meta_enable_content_width":"off","neve_meta_content_width":70,"neve_meta_title_alignment":"left","neve_meta_author_avatar":"","neve_post_elements_order":"","neve_meta_disable_header":"","neve_meta_disable_footer":"","neve_meta_disable_title":"on","_mc_calendar":[],"footnotes":""},"class_list":["post-15535","page","type-page","status-publish","hentry"],"acf":[],"_links":{"self":[{"href":"https:\/\/www.ada-dcc.org\/dev\/wp-json\/wp\/v2\/pages\/15535","targetHints":{"allow":["GET"]}}],"collection":[{"href":"https:\/\/www.ada-dcc.org\/dev\/wp-json\/wp\/v2\/pages"}],"about":[{"href":"https:\/\/www.ada-dcc.org\/dev\/wp-json\/wp\/v2\/types\/page"}],"author":[{"embeddable":true,"href":"https:\/\/www.ada-dcc.org\/dev\/wp-json\/wp\/v2\/users\/2"}],"replies":[{"embeddable":true,"href":"https:\/\/www.ada-dcc.org\/dev\/wp-json\/wp\/v2\/comments?post=15535"}],"version-history":[{"count":1,"href":"https:\/\/www.ada-dcc.org\/dev\/wp-json\/wp\/v2\/pages\/15535\/revisions"}],"predecessor-version":[{"id":15551,"href":"https:\/\/www.ada-dcc.org\/dev\/wp-json\/wp\/v2\/pages\/15535\/revisions\/15551"}],"wp:attachment":[{"href":"https:\/\/www.ada-dcc.org\/dev\/wp-json\/wp\/v2\/media?parent=15535"}],"curies":[{"name":"wp","href":"https:\/\/api.w.org\/{rel}","templated":true}]}}